{"id":1008,"date":"2021-05-14T20:13:08","date_gmt":"2021-05-14T20:13:08","guid":{"rendered":"https:\/\/gisler-ofenbau.ch\/wp\/?page_id=1008"},"modified":"2024-05-21T19:04:47","modified_gmt":"2024-05-21T19:04:47","slug":"satellitenspeicher","status":"publish","type":"page","link":"https:\/\/gisler-ofenbau.ch\/wp\/satellitenspeicher\/","title":{"rendered":"Satellitenspeicher"},"content":{"rendered":"\t\t<div data-elementor-type=\"wp-page\" data-elementor-id=\"1008\" class=\"elementor elementor-1008\" data-elementor-post-type=\"page\">\n\t\t\t\t\t\t<section class=\"elementor-section elementor-top-section elementor-element elementor-element-5869cfa elementor-section-boxed elementor-section-height-default elementor-section-height-default\" data-id=\"5869cfa\" data-element_type=\"section\" data-e-type=\"section\" data-settings=\"{&quot;background_background&quot;:&quot;classic&quot;}\">\n\t\t\t\t\t\t<div class=\"elementor-container elementor-column-gap-default\">\n\t\t\t\t\t<div class=\"elementor-column elementor-col-100 elementor-top-column elementor-element elementor-element-0234422\" data-id=\"0234422\" data-element_type=\"column\" data-e-type=\"column\">\n\t\t\t<div class=\"elementor-widget-wrap elementor-element-populated\">\n\t\t\t\t\t\t<section class=\"elementor-section elementor-inner-section elementor-element elementor-element-b0cd1f1 elementor-section-boxed elementor-section-height-default elementor-section-height-default\" data-id=\"b0cd1f1\" data-element_type=\"section\" data-e-type=\"section\">\n\t\t\t\t\t\t<div class=\"elementor-container elementor-column-gap-default\">\n\t\t\t\t\t<div class=\"elementor-column elementor-col-50 elementor-inner-column elementor-element elementor-element-e9e45cb\" data-id=\"e9e45cb\" data-element_type=\"column\" data-e-type=\"column\">\n\t\t\t<div class=\"elementor-widget-wrap elementor-element-populated\">\n\t\t\t\t\t\t<div class=\"elementor-element elementor-element-e6a4480 elementor-widget elementor-widget-text-editor\" data-id=\"e6a4480\" data-element_type=\"widget\" data-e-type=\"widget\" data-widget_type=\"text-editor.default\">\n\t\t\t\t<div class=\"elementor-widget-container\">\n\t\t\t\t\t\t\t\t\t<p><strong>Speicherofen mit Satellitenspeicher<\/strong><\/p>\t\t\t\t\t\t\t\t<\/div>\n\t\t\t\t<\/div>\n\t\t\t\t<div class=\"elementor-element elementor-element-061d44b elementor-widget elementor-widget-text-editor\" data-id=\"061d44b\" data-element_type=\"widget\" data-e-type=\"widget\" data-widget_type=\"text-editor.default\">\n\t\t\t\t<div class=\"elementor-widget-container\">\n\t\t\t\t\t\t\t\t\t<div><strong>Ein zweiter Ofen sorgt f\u00fcr bessere W\u00e4rmeverteilung<\/strong><\/div><div><strong>Das Heizungssystem mit Satellitenspeicher erlaubt e<\/strong><b>ine etagen\u00fcbergreifende Heizung. Es zeichnet sich aus durch eine bessere W\u00e4rmeverteilung. Die heutigen Anforderungen an W\u00e4rmed\u00e4mmung erm\u00f6glichen zudem, Speichergrund\u00f6fen als alleinige Heizquelle auszulegen, ohne dass auf den gewohnten Komfort verzichtet werden muss.<\/b><\/div><div>\u00a0<\/div><div><b>Mehrere R\u00e4ume gleichzeitig heizen<\/b><\/div><div>Ein Speicherofen mit Satellitensystem ist die g\u00fcnstigste Ganzhausheizung. Denn bei gut isolierten H\u00e4usern ben\u00f6tigt er nur noch wenig Holz (10-20 kg pro Tag). Bei den heutigen \u00d6lpreisen ein wichtiger Aspekt, den Sie bei der Planung Ihres Heizsystems ber\u00fccksichtigen sollten.<\/div><div>\u00a0<\/div><div><b>Warme Speichermasse reguliert Raumtemperatur<\/b><\/div><div>Der Satellitenspeicher hat keine eigene Feuerstelle. Normalerweise wird je nach W\u00e4rmebedarf die Energie \u00fcber einen im Parterre stehenden Speicherofen in den Satelliten geleitet. Der Satellit ist idealerweise raum\u00fcbergreifend konzipiert, um mehrere Zimmer mit Strahlungsw\u00e4rme zu versorgen.<\/div><div>\u00a0<\/div><div><b>Die Form ergibt sich durch die Funktion<\/b><\/div><p>Der Speicherofen mit Satellitensystem wird vom Hafner individuell hergestellt. Dabei wird die Form durch die Funktion bestimmt: Die Speicher\u00f6fen im Erdgeschoss haben idealerweise eine vertikale Form. Bei der Verkleidung stehen hingegen alle g\u00e4ngigen Materialien zur Auswahl.<\/p><p>\u00a0<\/p>\t\t\t\t\t\t\t\t<\/div>\n\t\t\t\t<\/div>\n\t\t\t\t\t<\/div>\n\t\t<\/div>\n\t\t\t\t<div class=\"elementor-column elementor-col-50 elementor-inner-column elementor-element elementor-element-b3b261d\" data-id=\"b3b261d\" data-element_type=\"column\" data-e-type=\"column\">\n\t\t\t<div class=\"elementor-widget-wrap elementor-element-populated\">\n\t\t\t\t\t\t<div class=\"elementor-element elementor-element-0f8911e elementor-widget elementor-widget-image\" data-id=\"0f8911e\" data-element_type=\"widget\" data-e-type=\"widget\" data-widget_type=\"image.default\">\n\t\t\t\t<div class=\"elementor-widget-container\">\n\t\t\t\t\t\t\t\t\t\t\t\t\t\t\t<img fetchpriority=\"high\" decoding=\"async\" width=\"567\" height=\"375\" src=\"https:\/\/gisler-ofenbau.ch\/wp\/wp-content\/uploads\/2021\/05\/system2.jpg\" class=\"attachment-large size-large wp-image-1769\" alt=\"\" srcset=\"https:\/\/gisler-ofenbau.ch\/wp\/wp-content\/uploads\/2021\/05\/system2.jpg 567w, https:\/\/gisler-ofenbau.ch\/wp\/wp-content\/uploads\/2021\/05\/system2-300x198.jpg 300w\" sizes=\"(max-width: 567px) 100vw, 567px\" \/>\t\t\t\t\t\t\t\t\t\t\t\t\t\t\t<\/div>\n\t\t\t\t<\/div>\n\t\t\t\t<div class=\"elementor-element elementor-element-31ccc2b elementor-widget elementor-widget-image\" data-id=\"31ccc2b\" data-element_type=\"widget\" data-e-type=\"widget\" data-widget_type=\"image.default\">\n\t\t\t\t<div class=\"elementor-widget-container\">\n\t\t\t\t\t\t\t\t\t\t\t\t\t\t\t<img decoding=\"async\" width=\"1024\" height=\"577\" src=\"https:\/\/gisler-ofenbau.ch\/wp\/wp-content\/uploads\/2021\/05\/pic0918-1024x577.jpg\" class=\"attachment-large size-large wp-image-1776\" alt=\"\" srcset=\"https:\/\/gisler-ofenbau.ch\/wp\/wp-content\/uploads\/2021\/05\/pic0918-1024x577.jpg 1024w, https:\/\/gisler-ofenbau.ch\/wp\/wp-content\/uploads\/2021\/05\/pic0918-300x169.jpg 300w, https:\/\/gisler-ofenbau.ch\/wp\/wp-content\/uploads\/2021\/05\/pic0918-768x433.jpg 768w, https:\/\/gisler-ofenbau.ch\/wp\/wp-content\/uploads\/2021\/05\/pic0918.jpg 1065w\" sizes=\"(max-width: 1024px) 100vw, 1024px\" \/>\t\t\t\t\t\t\t\t\t\t\t\t\t\t\t<\/div>\n\t\t\t\t<\/div>\n\t\t\t\t<div class=\"elementor-element elementor-element-56700e6 elementor-widget elementor-widget-image\" data-id=\"56700e6\" data-element_type=\"widget\" data-e-type=\"widget\" data-widget_type=\"image.default\">\n\t\t\t\t<div class=\"elementor-widget-container\">\n\t\t\t\t\t\t\t\t\t\t\t\t\t\t\t<img decoding=\"async\" width=\"576\" height=\"1024\" src=\"https:\/\/gisler-ofenbau.ch\/wp\/wp-content\/uploads\/2021\/05\/pic0919-1-576x1024.jpg\" class=\"attachment-large size-large wp-image-1775\" alt=\"\" srcset=\"https:\/\/gisler-ofenbau.ch\/wp\/wp-content\/uploads\/2021\/05\/pic0919-1-576x1024.jpg 576w, https:\/\/gisler-ofenbau.ch\/wp\/wp-content\/uploads\/2021\/05\/pic0919-1-169x300.jpg 169w, https:\/\/gisler-ofenbau.ch\/wp\/wp-content\/uploads\/2021\/05\/pic0919-1.jpg 600w\" sizes=\"(max-width: 576px) 100vw, 576px\" \/>\t\t\t\t\t\t\t\t\t\t\t\t\t\t\t<\/div>\n\t\t\t\t<\/div>\n\t\t\t\t<div class=\"elementor-element elementor-element-0bcdfb8 elementor-widget elementor-widget-image\" data-id=\"0bcdfb8\" data-element_type=\"widget\" data-e-type=\"widget\" data-widget_type=\"image.default\">\n\t\t\t\t<div class=\"elementor-widget-container\">\n\t\t\t\t\t\t\t\t\t\t\t\t\t\t\t<img loading=\"lazy\" decoding=\"async\" width=\"768\" height=\"1024\" src=\"https:\/\/gisler-ofenbau.ch\/wp\/wp-content\/uploads\/2024\/05\/IMG_20221205_163050-768x1024.jpg\" class=\"attachment-large size-large wp-image-2375\" alt=\"\" srcset=\"https:\/\/gisler-ofenbau.ch\/wp\/wp-content\/uploads\/2024\/05\/IMG_20221205_163050-768x1024.jpg 768w, https:\/\/gisler-ofenbau.ch\/wp\/wp-content\/uploads\/2024\/05\/IMG_20221205_163050-225x300.jpg 225w, https:\/\/gisler-ofenbau.ch\/wp\/wp-content\/uploads\/2024\/05\/IMG_20221205_163050-1152x1536.jpg 1152w, https:\/\/gisler-ofenbau.ch\/wp\/wp-content\/uploads\/2024\/05\/IMG_20221205_163050-1536x2048.jpg 1536w, https:\/\/gisler-ofenbau.ch\/wp\/wp-content\/uploads\/2024\/05\/IMG_20221205_163050-scaled.jpg 1920w\" sizes=\"(max-width: 768px) 100vw, 768px\" \/>\t\t\t\t\t\t\t\t\t\t\t\t\t\t\t<\/div>\n\t\t\t\t<\/div>\n\t\t\t\t\t<\/div>\n\t\t<\/div>\n\t\t\t\t\t<\/div>\n\t\t<\/section>\n\t\t\t\t\t<\/div>\n\t\t<\/div>\n\t\t\t\t\t<\/div>\n\t\t<\/section>\n\t\t\t\t<section class=\"elementor-section elementor-top-section elementor-element elementor-element-3c71258 elementor-section-boxed elementor-section-height-default elementor-section-height-default\" data-id=\"3c71258\" data-element_type=\"section\" data-e-type=\"section\" data-settings=\"{&quot;background_background&quot;:&quot;classic&quot;}\">\n\t\t\t\t\t\t<div class=\"elementor-container elementor-column-gap-default\">\n\t\t\t\t\t<div class=\"elementor-column elementor-col-100 elementor-top-column elementor-element elementor-element-e763f27\" data-id=\"e763f27\" data-element_type=\"column\" data-e-type=\"column\">\n\t\t\t<div class=\"elementor-widget-wrap elementor-element-populated\">\n\t\t\t\t\t\t\t<\/div>\n\t\t<\/div>\n\t\t\t\t\t<\/div>\n\t\t<\/section>\n\t\t\t\t<section class=\"elementor-section elementor-top-section elementor-element elementor-element-e96e62f elementor-section-boxed elementor-section-height-default elementor-section-height-default\" data-id=\"e96e62f\" data-element_type=\"section\" data-e-type=\"section\" data-settings=\"{&quot;background_background&quot;:&quot;classic&quot;}\">\n\t\t\t\t\t\t<div class=\"elementor-container elementor-column-gap-default\">\n\t\t\t\t\t<div class=\"elementor-column elementor-col-100 elementor-top-column elementor-element elementor-element-09c9f12\" data-id=\"09c9f12\" data-element_type=\"column\" data-e-type=\"column\">\n\t\t\t<div class=\"elementor-widget-wrap elementor-element-populated\">\n\t\t\t\t\t\t<section class=\"elementor-section elementor-inner-section elementor-element elementor-element-526f8ce elementor-section-boxed elementor-section-height-default elementor-section-height-default\" data-id=\"526f8ce\" data-element_type=\"section\" data-e-type=\"section\">\n\t\t\t\t\t\t<div class=\"elementor-container elementor-column-gap-default\">\n\t\t\t\t\t<div class=\"elementor-column elementor-col-50 elementor-inner-column elementor-element elementor-element-1009924\" data-id=\"1009924\" data-element_type=\"column\" data-e-type=\"column\">\n\t\t\t<div class=\"elementor-widget-wrap elementor-element-populated\">\n\t\t\t\t\t\t<div class=\"elementor-element elementor-element-c023123 elementor-widget elementor-widget-image\" data-id=\"c023123\" data-element_type=\"widget\" data-e-type=\"widget\" data-widget_type=\"image.default\">\n\t\t\t\t<div class=\"elementor-widget-container\">\n\t\t\t\t\t\t\t\t\t\t\t\t\t\t\t<img decoding=\"async\" src=\"https:\/\/gisler-ofenbau.ch\/wp\/wp-content\/uploads\/elementor\/thumbs\/feusuisse_de-rd0l9koducjb0rc8lkh1zf5ym9ojo08i3suooivbwg.jpg\" title=\"feusuisse_de\" alt=\"feusuisse_de\" loading=\"lazy\" \/>\t\t\t\t\t\t\t\t\t\t\t\t\t\t\t<\/div>\n\t\t\t\t<\/div>\n\t\t\t\t\t<\/div>\n\t\t<\/div>\n\t\t\t\t<div class=\"elementor-column elementor-col-50 elementor-inner-column elementor-element elementor-element-cc3a151\" data-id=\"cc3a151\" data-element_type=\"column\" data-e-type=\"column\">\n\t\t\t<div class=\"elementor-widget-wrap elementor-element-populated\">\n\t\t\t\t\t\t<div class=\"elementor-element elementor-element-75f55f9 elementor-widget elementor-widget-image\" data-id=\"75f55f9\" data-element_type=\"widget\" data-e-type=\"widget\" data-widget_type=\"image.default\">\n\t\t\t\t<div class=\"elementor-widget-container\">\n\t\t\t\t\t\t\t\t\t\t\t\t\t\t\t<img decoding=\"async\" src=\"https:\/\/gisler-ofenbau.ch\/wp\/wp-content\/uploads\/elementor\/thumbs\/164-rd0l9fz6w6cvepj2d0fx4ycnncbplipuf5l9a52ark.jpg\" title=\"164\" alt=\"164\" loading=\"lazy\" \/>\t\t\t\t\t\t\t\t\t\t\t\t\t\t\t<\/div>\n\t\t\t\t<\/div>\n\t\t\t\t\t<\/div>\n\t\t<\/div>\n\t\t\t\t\t<\/div>\n\t\t<\/section>\n\t\t\t\t\t<\/div>\n\t\t<\/div>\n\t\t\t\t\t<\/div>\n\t\t<\/section>\n\t\t\t\t<section class=\"elementor-section elementor-top-section elementor-element elementor-element-5bda7ee elementor-section-boxed elementor-section-height-default elementor-section-height-default\" data-id=\"5bda7ee\" data-element_type=\"section\" data-e-type=\"section\">\n\t\t\t\t\t\t<div class=\"elementor-container elementor-column-gap-default\">\n\t\t\t\t\t<div class=\"elementor-column elementor-col-100 elementor-top-column elementor-element elementor-element-7dacae9\" data-id=\"7dacae9\" data-element_type=\"column\" data-e-type=\"column\">\n\t\t\t<div class=\"elementor-widget-wrap elementor-element-populated\">\n\t\t\t\t\t\t<section class=\"elementor-section elementor-inner-section elementor-element elementor-element-06c77eb elementor-section-boxed elementor-section-height-default elementor-section-height-default\" data-id=\"06c77eb\" data-element_type=\"section\" data-e-type=\"section\">\n\t\t\t\t\t\t<div class=\"elementor-container elementor-column-gap-default\">\n\t\t\t\t\t<div class=\"elementor-column elementor-col-50 elementor-inner-column elementor-element elementor-element-17531a6\" data-id=\"17531a6\" data-element_type=\"column\" data-e-type=\"column\">\n\t\t\t<div class=\"elementor-widget-wrap elementor-element-populated\">\n\t\t\t\t\t\t<div class=\"elementor-element elementor-element-5f93009 elementor-widget elementor-widget-text-editor\" data-id=\"5f93009\" data-element_type=\"widget\" data-e-type=\"widget\" data-widget_type=\"text-editor.default\">\n\t\t\t\t<div class=\"elementor-widget-container\">\n\t\t\t\t\t\t\t\t\t<h5>GISLER OFENBAU GMBH PLATENBEL\u00c4GE<br \/>Postfach, 8820 W\u00e4denswil, +41 44 780 49 29<\/h5>\t\t\t\t\t\t\t\t<\/div>\n\t\t\t\t<\/div>\n\t\t\t\t\t<\/div>\n\t\t<\/div>\n\t\t\t\t<div class=\"elementor-column elementor-col-50 elementor-inner-column elementor-element elementor-element-805b619\" data-id=\"805b619\" data-element_type=\"column\" data-e-type=\"column\">\n\t\t\t<div class=\"elementor-widget-wrap elementor-element-populated\">\n\t\t\t\t\t\t<div class=\"elementor-element elementor-element-4a26a32 elementor-widget elementor-widget-text-editor\" data-id=\"4a26a32\" data-element_type=\"widget\" data-e-type=\"widget\" data-widget_type=\"text-editor.default\">\n\t\t\t\t<div class=\"elementor-widget-container\">\n\t\t\t\t\t\t\t\t\t<h5>GISLER OFENBAU GMBH PLATENBEL\u00c4GE<br \/>Bruggetenstr. 5, 8833 Samstagern, +41 44 780 49 29<\/h5>\t\t\t\t\t\t\t\t<\/div>\n\t\t\t\t<\/div>\n\t\t\t\t\t<\/div>\n\t\t<\/div>\n\t\t\t\t\t<\/div>\n\t\t<\/section>\n\t\t\t\t\t<\/div>\n\t\t<\/div>\n\t\t\t\t\t<\/div>\n\t\t<\/section>\n\t\t\t\t<\/div>\n\t\t","protected":false},"excerpt":{"rendered":"<p>Speicherofen mit Satellitenspeicher Ein zweiter Ofen sorgt f\u00fcr bessere W\u00e4rmeverteilungDas Heizungssystem mit Satellitenspeicher erlaubt eine etagen\u00fcbergreifende Heizung. Es zeichnet sich aus durch eine bessere W\u00e4rmeverteilung. Die heutigen Anforderungen an W\u00e4rmed\u00e4mmung erm\u00f6glichen zudem, Speichergrund\u00f6fen als alleinige Heizquelle auszulegen, ohne dass auf den gewohnten Komfort verzichtet werden muss.\u00a0Mehrere R\u00e4ume gleichzeitig heizenEin Speicherofen mit Satellitensystem ist die g\u00fcnstigste &hellip;<\/p>\n<p class=\"read-more\"> <a class=\"\" href=\"https:\/\/gisler-ofenbau.ch\/wp\/satellitenspeicher\/\"> <span class=\"screen-reader-text\">Satellitenspeicher<\/span> Read More &raquo;<\/a><\/p>\n","protected":false},"author":1,"featured_media":0,"parent":0,"menu_order":0,"comment_status":"closed","ping_status":"closed","template":"","meta":{"site-sidebar-layout":"no-sidebar","site-content-layout":"page-builder","ast-global-header-display":"","ast-main-header-display":"","ast-hfb-above-header-display":"","ast-hfb-below-header-display":"","ast-hfb-mobile-header-display":"","site-post-title":"disabled","ast-breadcrumbs-content":"","ast-featured-img":"disabled","footer-sml-layout":"","theme-transparent-header-meta":"default","adv-header-id-meta":"","stick-header-meta":"","header-above-stick-meta":"","header-main-stick-meta":"","header-below-stick-meta":"","footnotes":""},"class_list":["post-1008","page","type-page","status-publish","hentry"],"yoast_head":"<!-- This site is optimized with the Yoast SEO plugin v26.1.1 - https:\/\/yoast.com\/wordpress\/plugins\/seo\/ -->\n<title>Satellitenspeicher -<\/title>\n<meta name=\"robots\" content=\"index, follow, max-snippet:-1, max-image-preview:large, max-video-preview:-1\" \/>\n<link rel=\"canonical\" href=\"https:\/\/gisler-ofenbau.ch\/wp\/satellitenspeicher\/\" \/>\n<meta property=\"og:locale\" content=\"en_US\" \/>\n<meta property=\"og:type\" content=\"article\" \/>\n<meta property=\"og:title\" content=\"Satellitenspeicher -\" \/>\n<meta property=\"og:description\" content=\"Speicherofen mit Satellitenspeicher Ein zweiter Ofen sorgt f\u00fcr bessere W\u00e4rmeverteilungDas Heizungssystem mit Satellitenspeicher erlaubt eine etagen\u00fcbergreifende Heizung. Es zeichnet sich aus durch eine bessere W\u00e4rmeverteilung. Die heutigen Anforderungen an W\u00e4rmed\u00e4mmung erm\u00f6glichen zudem, Speichergrund\u00f6fen als alleinige Heizquelle auszulegen, ohne dass auf den gewohnten Komfort verzichtet werden muss.\u00a0Mehrere R\u00e4ume gleichzeitig heizenEin Speicherofen mit Satellitensystem ist die g\u00fcnstigste &hellip; Satellitenspeicher Read More &raquo;\" \/>\n<meta property=\"og:url\" content=\"https:\/\/gisler-ofenbau.ch\/wp\/satellitenspeicher\/\" \/>\n<meta property=\"article:modified_time\" content=\"2024-05-21T19:04:47+00:00\" \/>\n<meta property=\"og:image\" content=\"https:\/\/gisler-ofenbau.ch\/wp\/wp-content\/uploads\/2021\/05\/system2.jpg\" \/>\n<meta name=\"twitter:card\" content=\"summary_large_image\" \/>\n<meta name=\"twitter:label1\" content=\"Est. reading time\" \/>\n\t<meta name=\"twitter:data1\" content=\"3 minutes\" \/>\n<script type=\"application\/ld+json\" class=\"yoast-schema-graph\">{\"@context\":\"https:\/\/schema.org\",\"@graph\":[{\"@type\":\"WebPage\",\"@id\":\"https:\/\/gisler-ofenbau.ch\/wp\/satellitenspeicher\/\",\"url\":\"https:\/\/gisler-ofenbau.ch\/wp\/satellitenspeicher\/\",\"name\":\"Satellitenspeicher -\",\"isPartOf\":{\"@id\":\"https:\/\/gisler-ofenbau.ch\/wp\/#website\"},\"primaryImageOfPage\":{\"@id\":\"https:\/\/gisler-ofenbau.ch\/wp\/satellitenspeicher\/#primaryimage\"},\"image\":{\"@id\":\"https:\/\/gisler-ofenbau.ch\/wp\/satellitenspeicher\/#primaryimage\"},\"thumbnailUrl\":\"https:\/\/gisler-ofenbau.ch\/wp\/wp-content\/uploads\/2021\/05\/system2.jpg\",\"datePublished\":\"2021-05-14T20:13:08+00:00\",\"dateModified\":\"2024-05-21T19:04:47+00:00\",\"breadcrumb\":{\"@id\":\"https:\/\/gisler-ofenbau.ch\/wp\/satellitenspeicher\/#breadcrumb\"},\"inLanguage\":\"en-US\",\"potentialAction\":[{\"@type\":\"ReadAction\",\"target\":[\"https:\/\/gisler-ofenbau.ch\/wp\/satellitenspeicher\/\"]}]},{\"@type\":\"ImageObject\",\"inLanguage\":\"en-US\",\"@id\":\"https:\/\/gisler-ofenbau.ch\/wp\/satellitenspeicher\/#primaryimage\",\"url\":\"https:\/\/gisler-ofenbau.ch\/wp\/wp-content\/uploads\/2021\/05\/system2.jpg\",\"contentUrl\":\"https:\/\/gisler-ofenbau.ch\/wp\/wp-content\/uploads\/2021\/05\/system2.jpg\",\"width\":567,\"height\":375},{\"@type\":\"BreadcrumbList\",\"@id\":\"https:\/\/gisler-ofenbau.ch\/wp\/satellitenspeicher\/#breadcrumb\",\"itemListElement\":[{\"@type\":\"ListItem\",\"position\":1,\"name\":\"Home\",\"item\":\"https:\/\/gisler-ofenbau.ch\/wp\/\"},{\"@type\":\"ListItem\",\"position\":2,\"name\":\"Satellitenspeicher\"}]},{\"@type\":\"WebSite\",\"@id\":\"https:\/\/gisler-ofenbau.ch\/wp\/#website\",\"url\":\"https:\/\/gisler-ofenbau.ch\/wp\/\",\"name\":\"\",\"description\":\"\",\"potentialAction\":[{\"@type\":\"SearchAction\",\"target\":{\"@type\":\"EntryPoint\",\"urlTemplate\":\"https:\/\/gisler-ofenbau.ch\/wp\/?s={search_term_string}\"},\"query-input\":{\"@type\":\"PropertyValueSpecification\",\"valueRequired\":true,\"valueName\":\"search_term_string\"}}],\"inLanguage\":\"en-US\"}]}<\/script>\n<!-- \/ Yoast SEO plugin. -->","yoast_head_json":{"title":"Satellitenspeicher -","robots":{"index":"index","follow":"follow","max-snippet":"max-snippet:-1","max-image-preview":"max-image-preview:large","max-video-preview":"max-video-preview:-1"},"canonical":"https:\/\/gisler-ofenbau.ch\/wp\/satellitenspeicher\/","og_locale":"en_US","og_type":"article","og_title":"Satellitenspeicher -","og_description":"Speicherofen mit Satellitenspeicher Ein zweiter Ofen sorgt f\u00fcr bessere W\u00e4rmeverteilungDas Heizungssystem mit Satellitenspeicher erlaubt eine etagen\u00fcbergreifende Heizung. Es zeichnet sich aus durch eine bessere W\u00e4rmeverteilung. Die heutigen Anforderungen an W\u00e4rmed\u00e4mmung erm\u00f6glichen zudem, Speichergrund\u00f6fen als alleinige Heizquelle auszulegen, ohne dass auf den gewohnten Komfort verzichtet werden muss.\u00a0Mehrere R\u00e4ume gleichzeitig heizenEin Speicherofen mit Satellitensystem ist die g\u00fcnstigste &hellip; Satellitenspeicher Read More &raquo;","og_url":"https:\/\/gisler-ofenbau.ch\/wp\/satellitenspeicher\/","article_modified_time":"2024-05-21T19:04:47+00:00","og_image":[{"url":"https:\/\/gisler-ofenbau.ch\/wp\/wp-content\/uploads\/2021\/05\/system2.jpg","type":"","width":"","height":""}],"twitter_card":"summary_large_image","twitter_misc":{"Est. reading time":"3 minutes"},"schema":{"@context":"https:\/\/schema.org","@graph":[{"@type":"WebPage","@id":"https:\/\/gisler-ofenbau.ch\/wp\/satellitenspeicher\/","url":"https:\/\/gisler-ofenbau.ch\/wp\/satellitenspeicher\/","name":"Satellitenspeicher -","isPartOf":{"@id":"https:\/\/gisler-ofenbau.ch\/wp\/#website"},"primaryImageOfPage":{"@id":"https:\/\/gisler-ofenbau.ch\/wp\/satellitenspeicher\/#primaryimage"},"image":{"@id":"https:\/\/gisler-ofenbau.ch\/wp\/satellitenspeicher\/#primaryimage"},"thumbnailUrl":"https:\/\/gisler-ofenbau.ch\/wp\/wp-content\/uploads\/2021\/05\/system2.jpg","datePublished":"2021-05-14T20:13:08+00:00","dateModified":"2024-05-21T19:04:47+00:00","breadcrumb":{"@id":"https:\/\/gisler-ofenbau.ch\/wp\/satellitenspeicher\/#breadcrumb"},"inLanguage":"en-US","potentialAction":[{"@type":"ReadAction","target":["https:\/\/gisler-ofenbau.ch\/wp\/satellitenspeicher\/"]}]},{"@type":"ImageObject","inLanguage":"en-US","@id":"https:\/\/gisler-ofenbau.ch\/wp\/satellitenspeicher\/#primaryimage","url":"https:\/\/gisler-ofenbau.ch\/wp\/wp-content\/uploads\/2021\/05\/system2.jpg","contentUrl":"https:\/\/gisler-ofenbau.ch\/wp\/wp-content\/uploads\/2021\/05\/system2.jpg","width":567,"height":375},{"@type":"BreadcrumbList","@id":"https:\/\/gisler-ofenbau.ch\/wp\/satellitenspeicher\/#breadcrumb","itemListElement":[{"@type":"ListItem","position":1,"name":"Home","item":"https:\/\/gisler-ofenbau.ch\/wp\/"},{"@type":"ListItem","position":2,"name":"Satellitenspeicher"}]},{"@type":"WebSite","@id":"https:\/\/gisler-ofenbau.ch\/wp\/#website","url":"https:\/\/gisler-ofenbau.ch\/wp\/","name":"","description":"","potentialAction":[{"@type":"SearchAction","target":{"@type":"EntryPoint","urlTemplate":"https:\/\/gisler-ofenbau.ch\/wp\/?s={search_term_string}"},"query-input":{"@type":"PropertyValueSpecification","valueRequired":true,"valueName":"search_term_string"}}],"inLanguage":"en-US"}]}},"_links":{"self":[{"href":"https:\/\/gisler-ofenbau.ch\/wp\/wp-json\/wp\/v2\/pages\/1008","targetHints":{"allow":["GET"]}}],"collection":[{"href":"https:\/\/gisler-ofenbau.ch\/wp\/wp-json\/wp\/v2\/pages"}],"about":[{"href":"https:\/\/gisler-ofenbau.ch\/wp\/wp-json\/wp\/v2\/types\/page"}],"author":[{"embeddable":true,"href":"https:\/\/gisler-ofenbau.ch\/wp\/wp-json\/wp\/v2\/users\/1"}],"replies":[{"embeddable":true,"href":"https:\/\/gisler-ofenbau.ch\/wp\/wp-json\/wp\/v2\/comments?post=1008"}],"version-history":[{"count":16,"href":"https:\/\/gisler-ofenbau.ch\/wp\/wp-json\/wp\/v2\/pages\/1008\/revisions"}],"predecessor-version":[{"id":2378,"href":"https:\/\/gisler-ofenbau.ch\/wp\/wp-json\/wp\/v2\/pages\/1008\/revisions\/2378"}],"wp:attachment":[{"href":"https:\/\/gisler-ofenbau.ch\/wp\/wp-json\/wp\/v2\/media?parent=1008"}],"curies":[{"name":"wp","href":"https:\/\/api.w.org\/{rel}","templated":true}]}}